{"id":210,"date":"2022-02-23T00:47:20","date_gmt":"2022-02-23T00:47:20","guid":{"rendered":"http:\/\/pesoglobal.com\/?page_id=210"},"modified":"2022-11-15T19:27:02","modified_gmt":"2022-11-15T19:27:02","slug":"contacto","status":"publish","type":"page","link":"https:\/\/pesoglobal.com\/?page_id=210","title":{"rendered":"CONTACTO"},"content":{"rendered":"<style>\/*! elementor - v3.5.5 - 03-02-2022 *\/<br \/>\n.elementor-heading-title{padding:0;margin:0;line-height:1}.elementor-widget-heading .elementor-heading-title[class*=elementor-size-]>a{color:inherit;font-size:inherit;line-height:inherit}.elementor-widget-heading .elementor-heading-title.elementor-size-small{font-size:15px}.elementor-widget-heading .elementor-heading-title.elementor-size-medium{font-size:19px}.elementor-widget-heading .elementor-heading-title.elementor-size-large{font-size:29px}.elementor-widget-heading .elementor-heading-title.elementor-size-xl{font-size:39px}.elementor-widget-heading .elementor-heading-title.elementor-size-xxl{font-size:59px}<\/style>\n<h2><font style=\"vertical-align: inherit;\"><font style=\"vertical-align: inherit;\">CONT\u00c1CTANOS<\/font><\/font><\/h2>\n<h2>Env\u00edanos un mensaje y plat\u00edcanos sobre tu proyecto<\/h2>\n<div class=\"wpforms-container wpforms-container-full\" id=\"wpforms-31\"><form id=\"wpforms-form-31\" class=\"wpforms-validate wpforms-form wpforms-ajax-form\" data-formid=\"31\" method=\"post\" enctype=\"multipart\/form-data\" action=\"\/index.php?rest_route=%2Fwp%2Fv2%2Fpages%2F210\" data-token=\"a3fc578d3fb9e2359628d0be1872ae80\"><noscript class=\"wpforms-error-noscript\">Please enable JavaScript in your browser to complete this form.<\/noscript><div class=\"wpforms-field-container\"><div id=\"wpforms-31-field_0-container\" class=\"wpforms-field wpforms-field-name\" data-field-id=\"0\"><label class=\"wpforms-field-label\" for=\"wpforms-31-field_0\">Nombre <span class=\"wpforms-required-label\">*<\/span><\/label><input type=\"text\" id=\"wpforms-31-field_0\" class=\"wpforms-field-medium wpforms-field-required\" name=\"wpforms[fields][0]\" required><div class=\"wpforms-field-description\">Ingresa el nombre de contacto<\/div><\/div><div id=\"wpforms-31-field_1-container\" class=\"wpforms-field wpforms-field-email\" data-field-id=\"1\"><label class=\"wpforms-field-label\" for=\"wpforms-31-field_1\">Tu E-mail: <span class=\"wpforms-required-label\">*<\/span><\/label><input type=\"email\" id=\"wpforms-31-field_1\" class=\"wpforms-field-medium wpforms-field-required\" name=\"wpforms[fields][1]\" required><div class=\"wpforms-field-description\">Ingresa tu correo electr\u00f3nico<\/div><\/div><div id=\"wpforms-31-field_3-container\" class=\"wpforms-field wpforms-field-number\" data-field-id=\"3\"><label class=\"wpforms-field-label\" for=\"wpforms-31-field_3\">Tu telefono: <span class=\"wpforms-required-label\">*<\/span><\/label><input type=\"number\" pattern=\"\\d*\" id=\"wpforms-31-field_3\" class=\"wpforms-field-medium wpforms-field-required\" name=\"wpforms[fields][3]\" required><div class=\"wpforms-field-description\">Ingresa el n\u00famero de contacto<\/div><\/div><\/div><div class=\"wpforms-submit-container\"><input type=\"hidden\" name=\"wpforms[id]\" value=\"31\"><input type=\"hidden\" name=\"wpforms[author]\" value=\"1\"><button type=\"submit\" name=\"wpforms[submit]\" id=\"wpforms-submit-31\" class=\"wpforms-submit\" data-alt-text=\"Sending...\" data-submit-text=\"Enviar\" aria-live=\"assertive\" value=\"wpforms-submit\">Enviar<\/button><img loading=\"lazy\" decoding=\"async\" src=\"https:\/\/pesoglobal.com\/wp-content\/plugins\/wpforms-lite\/assets\/images\/submit-spin.svg\" class=\"wpforms-submit-spinner\" style=\"display: none;\" width=\"26\" height=\"26\" alt=\"Loading\"><\/div><\/form><\/div>  <!-- .wpforms-container -->\n<h1>!Cont\u00e1ctanos!<\/h1>\n<p><strong>Direcci\u00f3n<\/strong><br \/>\n<strong>Priv. Manuel Ma. Del Llano Ote. 2206,<\/strong><br \/>\n<strong>Col. Obrera, CP 64010<\/strong><\/p>\n<p><strong>Tel: (81) 2261 8106 | (81) 2261 8142<\/strong><\/p>\n<style>\/*! elementor - v3.5.5 - 03-02-2022 *\/<br \/>\n.elementor-widget-google_maps .elementor-widget-container{overflow:hidden}.elementor-widget-google_maps iframe{height:300px}<\/style>\n<p>\t\t\t<iframe frameborder=\"0\" scrolling=\"no\" marginheight=\"0\" marginwidth=\"0\" src=\"https:\/\/maps.google.com\/maps?q=Quer%C3%A9taro%20Mex.&amp;t=m&amp;z=10&amp;output=embed&amp;iwloc=near\" title=\"Quer\u00e9taro Mex.\" aria-label=\"Quer\u00e9taro Mex.\"><\/iframe><\/p>\n","protected":false},"excerpt":{"rendered":"<p>CONT\u00c1CTANOS Env\u00edanos un mensaje y plat\u00edcanos sobre tu proyecto !Cont\u00e1ctanos! Direcci\u00f3n Priv. Manuel Ma. Del Llano Ote. 2206, Col. Obrera, CP 64010 Tel: (81) 2261 8106 | (81) 2261 8142<\/p>\n","protected":false},"author":1,"featured_media":0,"parent":0,"menu_order":0,"comment_status":"closed","ping_status":"closed","template":"","meta":{"om_disable_all_campaigns":false,"_mi_skip_tracking":false,"site-sidebar-layout":"no-sidebar","site-content-layout":"page-builder","ast-main-header-display":"","ast-hfb-above-header-display":"","ast-hfb-below-header-display":"","ast-hfb-mobile-header-display":"","site-post-title":"disabled","ast-breadcrumbs-content":"","ast-featured-img":"disabled","footer-sml-layout":"","theme-transparent-header-meta":"","adv-header-id-meta":"","stick-header-meta":"","header-above-stick-meta":"","header-main-stick-meta":"","header-below-stick-meta":"","_joinchat":[],"footnotes":""},"class_list":["post-210","page","type-page","status-publish","hentry"],"aioseo_notices":[],"_links":{"self":[{"href":"https:\/\/pesoglobal.com\/index.php?rest_route=\/wp\/v2\/pages\/210","targetHints":{"allow":["GET"]}}],"collection":[{"href":"https:\/\/pesoglobal.com\/index.php?rest_route=\/wp\/v2\/pages"}],"about":[{"href":"https:\/\/pesoglobal.com\/index.php?rest_route=\/wp\/v2\/types\/page"}],"author":[{"embeddable":true,"href":"https:\/\/pesoglobal.com\/index.php?rest_route=\/wp\/v2\/users\/1"}],"replies":[{"embeddable":true,"href":"https:\/\/pesoglobal.com\/index.php?rest_route=%2Fwp%2Fv2%2Fcomments&post=210"}],"version-history":[{"count":56,"href":"https:\/\/pesoglobal.com\/index.php?rest_route=\/wp\/v2\/pages\/210\/revisions"}],"predecessor-version":[{"id":676,"href":"https:\/\/pesoglobal.com\/index.php?rest_route=\/wp\/v2\/pages\/210\/revisions\/676"}],"wp:attachment":[{"href":"https:\/\/pesoglobal.com\/index.php?rest_route=%2Fwp%2Fv2%2Fmedia&parent=210"}],"curies":[{"name":"wp","href":"https:\/\/api.w.org\/{rel}","templated":true}]}}