{"id":185,"date":"2022-02-23T00:13:19","date_gmt":"2022-02-23T00:13:19","guid":{"rendered":"http:\/\/pesoglobal.com\/?page_id=185"},"modified":"2023-05-07T21:08:54","modified_gmt":"2023-05-07T21:08:54","slug":"nosotros","status":"publish","type":"page","link":"https:\/\/pesoglobal.com\/?page_id=185","title":{"rendered":"NOSOTROS"},"content":{"rendered":"\t\t<div data-elementor-type=\"wp-page\" data-elementor-id=\"185\" class=\"elementor elementor-185\">\n\t\t\t\t\t\t\t\t\t<section class=\"elementor-section elementor-top-section elementor-element elementor-element-12a82078 elementor-section-content-middle elementor-section-boxed elementor-section-height-default elementor-section-height-default\" data-id=\"12a82078\" data-element_type=\"section\">\n\t\t\t\t\t\t<div class=\"elementor-container elementor-column-gap-no\">\n\t\t\t\t\t<div class=\"elementor-column elementor-col-100 elementor-top-column elementor-element elementor-element-58cd70a2\" data-id=\"58cd70a2\" data-element_type=\"column\">\n\t\t\t<div class=\"elementor-widget-wrap elementor-element-populated\">\n\t\t\t\t\t\t\t\t<div class=\"elementor-element elementor-element-ab1e716 elementor-widget elementor-widget-heading\" data-id=\"ab1e716\" data-element_type=\"widget\" data-widget_type=\"heading.default\">\n\t\t\t\t<div class=\"elementor-widget-container\">\n\t\t\t<style>\/*! elementor - v3.11.3 - 07-03-2023 *\/\n.elementor-heading-title{padding:0;margin:0;line-height:1}.elementor-widget-heading .elementor-heading-title[class*=elementor-size-]>a{color:inherit;font-size:inherit;line-height:inherit}.elementor-widget-heading .elementor-heading-title.elementor-size-small{font-size:15px}.elementor-widget-heading .elementor-heading-title.elementor-size-medium{font-size:19px}.elementor-widget-heading .elementor-heading-title.elementor-size-large{font-size:29px}.elementor-widget-heading .elementor-heading-title.elementor-size-xl{font-size:39px}.elementor-widget-heading .elementor-heading-title.elementor-size-xxl{font-size:59px}<\/style><h2 class=\"elementor-heading-title elementor-size-default\">Inspecci\u00f3n y Calibraci\u00f3n de instrumentos de medici\u00f3n<\/h2>\t\t<\/div>\n\t\t\t\t<\/div>\n\t\t\t\t\t<\/div>\n\t\t<\/div>\n\t\t\t\t\t\t\t<\/div>\n\t\t<\/section>\n\t\t\t\t<section class=\"elementor-section elementor-top-section elementor-element elementor-element-fc2f6db elementor-section-boxed elementor-section-height-default elementor-section-height-default\" data-id=\"fc2f6db\" data-element_type=\"section\">\n\t\t\t\t\t\t<div class=\"elementor-container elementor-column-gap-default\">\n\t\t\t\t\t<div class=\"elementor-column elementor-col-50 elementor-top-column elementor-element elementor-element-fc15032\" data-id=\"fc15032\" data-element_type=\"column\">\n\t\t\t<div class=\"elementor-widget-wrap elementor-element-populated\">\n\t\t\t\t\t\t\t\t<div class=\"elementor-element elementor-element-9a02414 elementor-widget elementor-widget-wp-widget-text\" data-id=\"9a02414\" data-element_type=\"widget\" data-widget_type=\"wp-widget-text.default\">\n\t\t\t\t<div class=\"elementor-widget-container\">\n\t\t\t<h5>Equipo con trazabilidad<\/h5>\t\t\t<div class=\"textwidget\"><p>Contamos con instrumentaci\u00f3n de evaluaci\u00f3n certificados con trazabilidad ante el CENAM. Estos instrumentos nos permite entregar una medici\u00f3n confiable.<\/p>\n<\/div>\n\t\t\t\t<\/div>\n\t\t\t\t<\/div>\n\t\t\t\t\t<\/div>\n\t\t<\/div>\n\t\t\t\t<div class=\"elementor-column elementor-col-50 elementor-top-column elementor-element elementor-element-fb8a738\" data-id=\"fb8a738\" data-element_type=\"column\">\n\t\t\t<div class=\"elementor-widget-wrap elementor-element-populated\">\n\t\t\t\t\t\t\t\t<div class=\"elementor-element elementor-element-8f23907 elementor-widget elementor-widget-image\" data-id=\"8f23907\" data-element_type=\"widget\" data-widget_type=\"image.default\">\n\t\t\t\t<div class=\"elementor-widget-container\">\n\t\t\t<style>\/*! elementor - v3.11.3 - 07-03-2023 *\/\n.elementor-widget-image{text-align:center}.elementor-widget-image a{display:inline-block}.elementor-widget-image a img[src$=\".svg\"]{width:48px}.elementor-widget-image img{vertical-align:middle;display:inline-block}<\/style>\t\t\t\t\t\t\t\t\t\t\t\t<img loading=\"lazy\" decoding=\"async\" width=\"1024\" height=\"576\" src=\"https:\/\/pesoglobal.com\/wp-content\/uploads\/2023\/05\/Peso_1-1024x576.jpeg\" class=\"attachment-large size-large wp-image-865\" alt=\"Fotografia de calibracion de bascula con camion\" srcset=\"https:\/\/pesoglobal.com\/wp-content\/uploads\/2023\/05\/Peso_1-1024x576.jpeg 1024w, https:\/\/pesoglobal.com\/wp-content\/uploads\/2023\/05\/Peso_1-300x169.jpeg 300w, https:\/\/pesoglobal.com\/wp-content\/uploads\/2023\/05\/Peso_1-768x432.jpeg 768w, https:\/\/pesoglobal.com\/wp-content\/uploads\/2023\/05\/Peso_1-1536x864.jpeg 1536w, https:\/\/pesoglobal.com\/wp-content\/uploads\/2023\/05\/Peso_1.jpeg 1599w\" sizes=\"auto, (max-width: 1024px) 100vw, 1024px\" \/>\t\t\t\t\t\t\t\t\t\t\t\t\t\t\t<\/div>\n\t\t\t\t<\/div>\n\t\t\t\t\t<\/div>\n\t\t<\/div>\n\t\t\t\t\t\t\t<\/div>\n\t\t<\/section>\n\t\t\t\t<section class=\"elementor-section elementor-top-section elementor-element elementor-element-af26421 elementor-section-boxed elementor-section-height-default elementor-section-height-default\" data-id=\"af26421\" data-element_type=\"section\">\n\t\t\t\t\t\t<div class=\"elementor-container elementor-column-gap-default\">\n\t\t\t\t\t<div class=\"elementor-column elementor-col-50 elementor-top-column elementor-element elementor-element-d6711b3\" data-id=\"d6711b3\" data-element_type=\"column\">\n\t\t\t<div class=\"elementor-widget-wrap elementor-element-populated\">\n\t\t\t\t\t\t\t\t<div class=\"elementor-element elementor-element-1791119 elementor-widget elementor-widget-image\" data-id=\"1791119\" data-element_type=\"widget\" data-widget_type=\"image.default\">\n\t\t\t\t<div class=\"elementor-widget-container\">\n\t\t\t\t\t\t\t\t\t\t\t\t\t\t\t<img loading=\"lazy\" decoding=\"async\" width=\"1024\" height=\"576\" src=\"https:\/\/pesoglobal.com\/wp-content\/uploads\/2023\/05\/Peso_3-1024x576.jpeg\" class=\"attachment-large size-large wp-image-867\" alt=\"Pesas patron durante calibracion\" srcset=\"https:\/\/pesoglobal.com\/wp-content\/uploads\/2023\/05\/Peso_3-1024x576.jpeg 1024w, https:\/\/pesoglobal.com\/wp-content\/uploads\/2023\/05\/Peso_3-300x169.jpeg 300w, https:\/\/pesoglobal.com\/wp-content\/uploads\/2023\/05\/Peso_3-768x432.jpeg 768w, https:\/\/pesoglobal.com\/wp-content\/uploads\/2023\/05\/Peso_3-1536x864.jpeg 1536w, https:\/\/pesoglobal.com\/wp-content\/uploads\/2023\/05\/Peso_3.jpeg 1599w\" sizes=\"auto, (max-width: 1024px) 100vw, 1024px\" \/>\t\t\t\t\t\t\t\t\t\t\t\t\t\t\t<\/div>\n\t\t\t\t<\/div>\n\t\t\t\t\t<\/div>\n\t\t<\/div>\n\t\t\t\t<div class=\"elementor-column elementor-col-50 elementor-top-column elementor-element elementor-element-bbaf03a\" data-id=\"bbaf03a\" data-element_type=\"column\">\n\t\t\t<div class=\"elementor-widget-wrap\">\n\t\t\t\t\t\t\t\t\t<\/div>\n\t\t<\/div>\n\t\t\t\t\t\t\t<\/div>\n\t\t<\/section>\n\t\t\t\t\t\t\t<\/div>\n\t\t","protected":false},"excerpt":{"rendered":"<p>Inspecci\u00f3n y Calibraci\u00f3n de instrumentos de medici\u00f3n<\/p>\n","protected":false},"author":1,"featured_media":0,"parent":0,"menu_order":0,"comment_status":"closed","ping_status":"closed","template":"","meta":{"om_disable_all_campaigns":false,"_mi_skip_tracking":false,"site-sidebar-layout":"no-sidebar","site-content-layout":"page-builder","ast-main-header-display":"","ast-hfb-above-header-display":"","ast-hfb-below-header-display":"","ast-hfb-mobile-header-display":"","site-post-title":"disabled","ast-breadcrumbs-content":"","ast-featured-img":"disabled","footer-sml-layout":"","theme-transparent-header-meta":"","adv-header-id-meta":"","stick-header-meta":"","header-above-stick-meta":"","header-main-stick-meta":"","header-below-stick-meta":"","_joinchat":[],"footnotes":""},"class_list":["post-185","page","type-page","status-publish","hentry"],"aioseo_notices":[],"_links":{"self":[{"href":"https:\/\/pesoglobal.com\/index.php?rest_route=\/wp\/v2\/pages\/185","targetHints":{"allow":["GET"]}}],"collection":[{"href":"https:\/\/pesoglobal.com\/index.php?rest_route=\/wp\/v2\/pages"}],"about":[{"href":"https:\/\/pesoglobal.com\/index.php?rest_route=\/wp\/v2\/types\/page"}],"author":[{"embeddable":true,"href":"https:\/\/pesoglobal.com\/index.php?rest_route=\/wp\/v2\/users\/1"}],"replies":[{"embeddable":true,"href":"https:\/\/pesoglobal.com\/index.php?rest_route=%2Fwp%2Fv2%2Fcomments&post=185"}],"version-history":[{"count":19,"href":"https:\/\/pesoglobal.com\/index.php?rest_route=\/wp\/v2\/pages\/185\/revisions"}],"predecessor-version":[{"id":870,"href":"https:\/\/pesoglobal.com\/index.php?rest_route=\/wp\/v2\/pages\/185\/revisions\/870"}],"wp:attachment":[{"href":"https:\/\/pesoglobal.com\/index.php?rest_route=%2Fwp%2Fv2%2Fmedia&parent=185"}],"curies":[{"name":"wp","href":"https:\/\/api.w.org\/{rel}","templated":true}]}}